{"id":28,"date":"2025-06-26T19:56:13","date_gmt":"2025-06-26T19:56:13","guid":{"rendered":"https:\/\/escuelapatinajevelocidad.com\/?page_id=28"},"modified":"2025-06-27T15:22:23","modified_gmt":"2025-06-27T15:22:23","slug":"nosotros","status":"publish","type":"page","link":"https:\/\/escuelapatinajevelocidad.com\/?page_id=28","title":{"rendered":"NOSOTROS"},"content":{"rendered":"\t\t<div data-elementor-type=\"wp-page\" data-elementor-id=\"28\" class=\"elementor elementor-28\">\n\t\t\t\t<div class=\"elementor-element elementor-element-8641844 e-flex e-con-boxed e-con e-parent\" data-id=\"8641844\" data-element_type=\"container\" data-settings=\"{&quot;background_background&quot;:&quot;classic&quot;}\">\n\t\t\t\t\t<div class=\"e-con-inner\">\n\t\t<div class=\"elementor-element elementor-element-799c5e6 e-con-full e-flex e-con e-child\" data-id=\"799c5e6\" data-element_type=\"container\">\n\t\t\t\t<div class=\"elementor-element elementor-element-1a87612 elementor-widget__width-initial elementor-widget elementor-widget-image\" data-id=\"1a87612\" data-element_type=\"widget\" data-widget_type=\"image.default\">\n\t\t\t\t<div class=\"elementor-widget-container\">\n\t\t\t\t\t\t\t\t\t\t\t\t\t\t\t<img fetchpriority=\"high\" decoding=\"async\" width=\"565\" height=\"783\" src=\"https:\/\/escuelapatinajevelocidad.com\/wp-content\/uploads\/2025\/06\/NOSOTROS-INGRID.png\" class=\"attachment-large size-large wp-image-196\" alt=\"\" srcset=\"https:\/\/escuelapatinajevelocidad.com\/wp-content\/uploads\/2025\/06\/NOSOTROS-INGRID.png 565w, https:\/\/escuelapatinajevelocidad.com\/wp-content\/uploads\/2025\/06\/NOSOTROS-INGRID-216x300.png 216w\" sizes=\"(max-width: 565px) 100vw, 565px\" \/>\t\t\t\t\t\t\t\t\t\t\t\t\t\t\t<\/div>\n\t\t\t\t<\/div>\n\t\t\t\t<\/div>\n\t\t<div class=\"elementor-element elementor-element-0b63fde e-con-full e-flex e-con e-child\" data-id=\"0b63fde\" data-element_type=\"container\">\n\t\t<div class=\"elementor-element elementor-element-719f5e8 e-grid e-con-full e-con e-child\" data-id=\"719f5e8\" data-element_type=\"container\">\n\t\t\t\t<div class=\"elementor-element elementor-element-3ebcacd elementor-widget elementor-widget-image\" data-id=\"3ebcacd\" data-element_type=\"widget\" data-widget_type=\"image.default\">\n\t\t\t\t<div class=\"elementor-widget-container\">\n\t\t\t\t\t\t\t\t\t\t\t\t\t\t\t<img decoding=\"async\" width=\"772\" height=\"415\" src=\"https:\/\/escuelapatinajevelocidad.com\/wp-content\/uploads\/2025\/06\/LATAPATINA.png\" class=\"attachment-large size-large wp-image-197\" alt=\"\" srcset=\"https:\/\/escuelapatinajevelocidad.com\/wp-content\/uploads\/2025\/06\/LATAPATINA.png 772w, https:\/\/escuelapatinajevelocidad.com\/wp-content\/uploads\/2025\/06\/LATAPATINA-300x161.png 300w, https:\/\/escuelapatinajevelocidad.com\/wp-content\/uploads\/2025\/06\/LATAPATINA-768x413.png 768w\" sizes=\"(max-width: 772px) 100vw, 772px\" \/>\t\t\t\t\t\t\t\t\t\t\t\t\t\t\t<\/div>\n\t\t\t\t<\/div>\n\t\t\t\t<div class=\"elementor-element elementor-element-b7e7135 elementor-widget elementor-widget-text-editor\" data-id=\"b7e7135\" data-element_type=\"widget\" data-widget_type=\"text-editor.default\">\n\t\t\t\t<div class=\"elementor-widget-container\">\n\t\t\t\t\t\t\t\t\t<p>LA ESCUELA DE PATINAJE DE VELOCIDAD INGRID FACTOS &#8211; SEDE LATACUNGA<\/p><p>Ubicada en la ciudad de Latacunga es su segunda extensi\u00f3n\u00a0 de nuestra exitosa escuela principal.<\/p><p>Fundada por Ingrid Factos Henao, Medallista Internacional y experta en el desarrollo de atletas y apasionada por el patinaje de velocidad, nuestra sede ofrece un entrenamiento de alta calidad con los mismo est\u00e1ndares internacionales que nos han consolidado como l\u00edderes en la ense\u00f1anza del patinaje de velocidad.<\/p><p>Contamos con un equipo de profesionales donde nuestros estudiantes desarrollan habilidades, confianza y disfrutan del proceso de aprendizaje.<\/p><p>Inscr\u00edbete y se parte del Team de Patinadores en Latacunga.<\/p><p>Ofrecemos clases para todas las edades y entrenamientos paara mejorar la t\u00e9cnica y la velocidad, Ambiente seguro y siguiendo los est\u00e1ndares de la escuela principal.<\/p><p>\u00danete a la mejor escuela de patinaje en Latacunga y lleva tu tal\u00f1ento al siguiente nivel&#8230;<\/p>\t\t\t\t\t\t\t\t<\/div>\n\t\t\t\t<\/div>\n\t\t\t\t<\/div>\n\t\t\t\t<\/div>\n\t\t<div class=\"elementor-element elementor-element-7f74cca e-con-full e-flex e-con e-child\" data-id=\"7f74cca\" data-element_type=\"container\">\n\t\t<div class=\"elementor-element elementor-element-bbba114 e-grid e-con-full e-con e-child\" data-id=\"bbba114\" data-element_type=\"container\">\n\t\t\t\t<div class=\"elementor-element elementor-element-5b89ab3 elementor-widget elementor-widget-image\" data-id=\"5b89ab3\" data-element_type=\"widget\" data-widget_type=\"image.default\">\n\t\t\t\t<div class=\"elementor-widget-container\">\n\t\t\t\t\t\t\t\t\t\t\t\t\t\t\t<img decoding=\"async\" width=\"272\" height=\"634\" src=\"https:\/\/escuelapatinajevelocidad.com\/wp-content\/uploads\/2025\/06\/INGRID-FACTOS.png\" class=\"attachment-1536x1536 size-1536x1536 wp-image-200\" alt=\"\" srcset=\"https:\/\/escuelapatinajevelocidad.com\/wp-content\/uploads\/2025\/06\/INGRID-FACTOS.png 272w, https:\/\/escuelapatinajevelocidad.com\/wp-content\/uploads\/2025\/06\/INGRID-FACTOS-129x300.png 129w\" sizes=\"(max-width: 272px) 100vw, 272px\" \/>\t\t\t\t\t\t\t\t\t\t\t\t\t\t\t<\/div>\n\t\t\t\t<\/div>\n\t\t\t\t<div class=\"elementor-element elementor-element-000143c elementor-widget elementor-widget-image\" data-id=\"000143c\" data-element_type=\"widget\" data-widget_type=\"image.default\">\n\t\t\t\t<div class=\"elementor-widget-container\">\n\t\t\t\t\t\t\t\t\t\t\t\t\t\t\t<img loading=\"lazy\" decoding=\"async\" width=\"272\" height=\"634\" src=\"https:\/\/escuelapatinajevelocidad.com\/wp-content\/uploads\/2025\/06\/LUIS-ROBERTO-QUISHPE-1.png\" class=\"attachment-large size-large wp-image-208\" alt=\"\" srcset=\"https:\/\/escuelapatinajevelocidad.com\/wp-content\/uploads\/2025\/06\/LUIS-ROBERTO-QUISHPE-1.png 272w, https:\/\/escuelapatinajevelocidad.com\/wp-content\/uploads\/2025\/06\/LUIS-ROBERTO-QUISHPE-1-129x300.png 129w\" sizes=\"(max-width: 272px) 100vw, 272px\" \/>\t\t\t\t\t\t\t\t\t\t\t\t\t\t\t<\/div>\n\t\t\t\t<\/div>\n\t\t\t\t<div class=\"elementor-element elementor-element-3b99bec elementor-widget elementor-widget-image\" data-id=\"3b99bec\" data-element_type=\"widget\" data-widget_type=\"image.default\">\n\t\t\t\t<div class=\"elementor-widget-container\">\n\t\t\t\t\t\t\t\t\t\t\t\t\t\t\t<img loading=\"lazy\" decoding=\"async\" width=\"272\" height=\"634\" src=\"https:\/\/escuelapatinajevelocidad.com\/wp-content\/uploads\/2025\/06\/SANDRA-JACQUELINE-QUINATOA-1.png\" class=\"attachment-large size-large wp-image-207\" alt=\"\" srcset=\"https:\/\/escuelapatinajevelocidad.com\/wp-content\/uploads\/2025\/06\/SANDRA-JACQUELINE-QUINATOA-1.png 272w, https:\/\/escuelapatinajevelocidad.com\/wp-content\/uploads\/2025\/06\/SANDRA-JACQUELINE-QUINATOA-1-129x300.png 129w\" sizes=\"(max-width: 272px) 100vw, 272px\" \/>\t\t\t\t\t\t\t\t\t\t\t\t\t\t\t<\/div>\n\t\t\t\t<\/div>\n\t\t\t\t<\/div>\n\t\t\t\t<\/div>\n\t\t\t\t\t<\/div>\n\t\t\t\t<\/div>\n\t\t<div class=\"elementor-element elementor-element-0b5f9b7 e-flex e-con-boxed e-con e-parent\" data-id=\"0b5f9b7\" data-element_type=\"container\" data-settings=\"{&quot;background_background&quot;:&quot;gradient&quot;}\">\n\t\t\t\t\t<div class=\"e-con-inner\">\n\t\t<div class=\"elementor-element elementor-element-48c7bcd e-grid e-con-full e-con e-child\" data-id=\"48c7bcd\" data-element_type=\"container\">\n\t\t\t\t<div class=\"elementor-element elementor-element-7ebedcb elementor-widget__width-inherit elementor-widget elementor-widget-image\" data-id=\"7ebedcb\" data-element_type=\"widget\" data-widget_type=\"image.default\">\n\t\t\t\t<div class=\"elementor-widget-container\">\n\t\t\t\t\t\t\t\t\t\t\t\t\t\t\t<img loading=\"lazy\" decoding=\"async\" width=\"492\" height=\"122\" src=\"https:\/\/escuelapatinajevelocidad.com\/wp-content\/uploads\/2025\/06\/mision.png\" class=\"attachment-large size-large wp-image-214\" alt=\"\" srcset=\"https:\/\/escuelapatinajevelocidad.com\/wp-content\/uploads\/2025\/06\/mision.png 492w, https:\/\/escuelapatinajevelocidad.com\/wp-content\/uploads\/2025\/06\/mision-300x74.png 300w\" sizes=\"(max-width: 492px) 100vw, 492px\" \/>\t\t\t\t\t\t\t\t\t\t\t\t\t\t\t<\/div>\n\t\t\t\t<\/div>\n\t\t\t\t<div class=\"elementor-element elementor-element-385159f elementor-widget elementor-widget-text-editor\" data-id=\"385159f\" data-element_type=\"widget\" data-widget_type=\"text-editor.default\">\n\t\t\t\t<div class=\"elementor-widget-container\">\n\t\t\t\t\t\t\t\t\t<p>Nuestra Misi\u00f3n es formar deportistas excepcionales en todos los aspectos de su vida, brind\u00e1ndoles las herramientas necesarias para ser l\u00edderes , competidores justos, felices dentro y fuera de las pistas. Nos enfocamos en desarrollar habilidades t\u00e9cnicas de patinaje de velocidad de nivel internacional, mientras fortalecemos la parte emocional y fromativa de cada alumno, prepar\u00e1ndolos para enfrentar los desafios de la vida con integridad y autenticidad. Aspiramos a ser un puente de colaboraci\u00f3n entre instituciones p\u00fablicas y privadas, creando un espacio \u00fanico para el crecimiento deportivo y personal. Nos vemos como una escuela que siembra el futuro del deporte, ofreciendo las bases para que nuestros atletas logren ser mejores en su disciplina.\u00a0<\/p>\t\t\t\t\t\t\t\t<\/div>\n\t\t\t\t<\/div>\n\t\t\t\t<div class=\"elementor-element elementor-element-1e140bd elementor-widget elementor-widget-image\" data-id=\"1e140bd\" data-element_type=\"widget\" data-widget_type=\"image.default\">\n\t\t\t\t<div class=\"elementor-widget-container\">\n\t\t\t\t\t\t\t\t\t\t\t\t\t\t\t<img loading=\"lazy\" decoding=\"async\" width=\"492\" height=\"122\" src=\"https:\/\/escuelapatinajevelocidad.com\/wp-content\/uploads\/2025\/06\/vision.png\" class=\"attachment-full size-full wp-image-215\" alt=\"\" srcset=\"https:\/\/escuelapatinajevelocidad.com\/wp-content\/uploads\/2025\/06\/vision.png 492w, https:\/\/escuelapatinajevelocidad.com\/wp-content\/uploads\/2025\/06\/vision-300x74.png 300w\" sizes=\"(max-width: 492px) 100vw, 492px\" \/>\t\t\t\t\t\t\t\t\t\t\t\t\t\t\t<\/div>\n\t\t\t\t<\/div>\n\t\t\t\t<div class=\"elementor-element elementor-element-6ea0a8b elementor-widget elementor-widget-text-editor\" data-id=\"6ea0a8b\" data-element_type=\"widget\" data-widget_type=\"text-editor.default\">\n\t\t\t\t<div class=\"elementor-widget-container\">\n\t\t\t\t\t\t\t\t\t<p>Ser la escuela l\u00edder en el desarrollo de patinadores de velocidad en Latacunga, formando deportistas de \u00e9lite no solo en habilidades t\u00e9cnicas. sino tambi\u00e9n en fortaleza emocional, liderazgo y valores. Nuestra visi\u00f3n es crear una comunidad unida y competitiva, donde cada alumno se convierta en un ser feliz, autentico y resiliente, capaz de enfrentar retos con determinaci\u00f3n y valent\u00eda. Nos comprometemos a ser una semilla de futuros campeones, trabajando de la mano con instituciones p\u00fablicas y privadas, posicion\u00e1ndonos como referentes en el deporte y dejando una huella imborrable en la vida de nuestros estudiantes.<\/p>\t\t\t\t\t\t\t\t<\/div>\n\t\t\t\t<\/div>\n\t\t\t\t<\/div>\n\t\t\t\t\t<\/div>\n\t\t\t\t<\/div>\n\t\t\t\t<\/div>\n\t\t","protected":false},"excerpt":{"rendered":"<p>LA ESCUELA DE PATINAJE DE VELOCIDAD INGRID FACTOS &#8211; SEDE LATACUNGA Ubicada en la ciudad de Latacunga es su segunda [&hellip;]<\/p>\n","protected":false},"author":1,"featured_media":0,"parent":0,"menu_order":0,"comment_status":"closed","ping_status":"closed","template":"","meta":{"site-sidebar-layout":"no-sidebar","site-content-layout":"","ast-site-content-layout":"full-width-container","site-content-style":"default","site-sidebar-style":"default","ast-global-header-display":"","ast-banner-title-visibility":"","ast-main-header-display":"","ast-hfb-above-header-display":"","ast-hfb-below-header-display":"","ast-hfb-mobile-header-display":"","site-post-title":"disabled","ast-breadcrumbs-content":"","ast-featured-img":"disabled","footer-sml-layout":"","ast-disable-related-posts":"","theme-transparent-header-meta":"","adv-header-id-meta":"","stick-header-meta":"","header-above-stick-meta":"","header-main-stick-meta":"","header-below-stick-meta":"","astra-migrate-meta-layouts":"default","ast-page-background-enabled":"default","ast-page-background-meta":{"desktop":{"background-color":"var(--ast-global-color-5)","background-image":"","background-repeat":"repeat","background-position":"center center","background-size":"auto","background-attachment":"scroll","background-type":"","background-media":"","overlay-type":"","overlay-color":"","overlay-opacity":"","overlay-gradient":""},"tablet":{"background-color":"","background-image":"","background-repeat":"repeat","background-position":"center center","background-size":"auto","background-attachment":"scroll","background-type":"","background-media":"","overlay-type":"","overlay-color":"","overlay-opacity":"","overlay-gradient":""},"mobile":{"background-color":"","background-image":"","background-repeat":"repeat","background-position":"center center","background-size":"auto","background-attachment":"scroll","background-type":"","background-media":"","overlay-type":"","overlay-color":"","overlay-opacity":"","overlay-gradient":""}},"ast-content-background-meta":{"desktop":{"background-color":"var(--ast-global-color-4)","background-image":"","background-repeat":"repeat","background-position":"center center","background-size":"auto","background-attachment":"scroll","background-type":"","background-media":"","overlay-type":"","overlay-color":"","overlay-opacity":"","overlay-gradient":""},"tablet":{"background-color":"var(--ast-global-color-4)","background-image":"","background-repeat":"repeat","background-position":"center center","background-size":"auto","background-attachment":"scroll","background-type":"","background-media":"","overlay-type":"","overlay-color":"","overlay-opacity":"","overlay-gradient":""},"mobile":{"background-color":"var(--ast-global-color-4)","background-image":"","background-repeat":"repeat","background-position":"center center","background-size":"auto","background-attachment":"scroll","background-type":"","background-media":"","overlay-type":"","overlay-color":"","overlay-opacity":"","overlay-gradient":""}},"footnotes":""},"class_list":["post-28","page","type-page","status-publish","hentry"],"_links":{"self":[{"href":"https:\/\/escuelapatinajevelocidad.com\/index.php?rest_route=\/wp\/v2\/pages\/28","targetHints":{"allow":["GET"]}}],"collection":[{"href":"https:\/\/escuelapatinajevelocidad.com\/index.php?rest_route=\/wp\/v2\/pages"}],"about":[{"href":"https:\/\/escuelapatinajevelocidad.com\/index.php?rest_route=\/wp\/v2\/types\/page"}],"author":[{"embeddable":true,"href":"https:\/\/escuelapatinajevelocidad.com\/index.php?rest_route=\/wp\/v2\/users\/1"}],"replies":[{"embeddable":true,"href":"https:\/\/escuelapatinajevelocidad.com\/index.php?rest_route=%2Fwp%2Fv2%2Fcomments&post=28"}],"version-history":[{"count":55,"href":"https:\/\/escuelapatinajevelocidad.com\/index.php?rest_route=\/wp\/v2\/pages\/28\/revisions"}],"predecessor-version":[{"id":278,"href":"https:\/\/escuelapatinajevelocidad.com\/index.php?rest_route=\/wp\/v2\/pages\/28\/revisions\/278"}],"wp:attachment":[{"href":"https:\/\/escuelapatinajevelocidad.com\/index.php?rest_route=%2Fwp%2Fv2%2Fmedia&parent=28"}],"curies":[{"name":"wp","href":"https:\/\/api.w.org\/{rel}","templated":true}]}}