{"id":2,"date":"2016-05-10T03:48:21","date_gmt":"2016-05-10T03:48:21","guid":{"rendered":"http:\/\/escuelapatinajevelocidad.com\/?page_id=2"},"modified":"2025-06-26T16:40:27","modified_gmt":"2025-06-26T16:40:27","slug":"sample-page","status":"publish","type":"page","link":"https:\/\/escuelapatinajevelocidad.com\/?page_id=2","title":{"rendered":"PROGRAMAS"},"content":{"rendered":"\t\t<div data-elementor-type=\"wp-page\" data-elementor-id=\"2\" class=\"elementor elementor-2\">\n\t\t\t\t<div class=\"elementor-element elementor-element-2ba5d2b e-flex e-con-boxed e-con e-parent\" data-id=\"2ba5d2b\" data-element_type=\"container\" data-settings=\"{&quot;background_background&quot;:&quot;classic&quot;}\">\n\t\t\t\t\t<div class=\"e-con-inner\">\n\t\t<div class=\"elementor-element elementor-element-90fc46b e-grid e-con-full e-con e-child\" data-id=\"90fc46b\" data-element_type=\"container\">\n\t\t\t\t<div class=\"elementor-element elementor-element-83f0065 elementor-widget elementor-widget-heading\" data-id=\"83f0065\" data-element_type=\"widget\" data-widget_type=\"heading.default\">\n\t\t\t\t<div class=\"elementor-widget-container\">\n\t\t\t\t\t<h1 class=\"elementor-heading-title elementor-size-default\">PROGRAMAS<\/h1>\t\t\t\t<\/div>\n\t\t\t\t<\/div>\n\t\t\t\t<\/div>\n\t\t\t\t\t<\/div>\n\t\t\t\t<\/div>\n\t\t<div class=\"elementor-element elementor-element-8cbb586 e-grid e-con-full e-con e-parent\" data-id=\"8cbb586\" data-element_type=\"container\">\n\t\t\t\t<div class=\"elementor-element elementor-element-35d37d2 elementor-widget elementor-widget-image\" data-id=\"35d37d2\" data-element_type=\"widget\" data-widget_type=\"image.default\">\n\t\t\t\t<div class=\"elementor-widget-container\">\n\t\t\t\t\t\t\t\t\t\t\t\t\t\t\t<img fetchpriority=\"high\" decoding=\"async\" width=\"562\" height=\"788\" src=\"https:\/\/escuelapatinajevelocidad.com\/wp-content\/uploads\/2025\/06\/PROGRAMAS-111111-1.png\" class=\"attachment-large size-large wp-image-186\" alt=\"\" srcset=\"https:\/\/escuelapatinajevelocidad.com\/wp-content\/uploads\/2025\/06\/PROGRAMAS-111111-1.png 562w, https:\/\/escuelapatinajevelocidad.com\/wp-content\/uploads\/2025\/06\/PROGRAMAS-111111-1-214x300.png 214w\" sizes=\"(max-width: 562px) 100vw, 562px\" \/>\t\t\t\t\t\t\t\t\t\t\t\t\t\t\t<\/div>\n\t\t\t\t<\/div>\n\t\t\t\t<div class=\"elementor-element elementor-element-25d8edf elementor-widget elementor-widget-text-editor\" data-id=\"25d8edf\" data-element_type=\"widget\" data-widget_type=\"text-editor.default\">\n\t\t\t\t<div class=\"elementor-widget-container\">\n\t\t\t\t\t\t\t\t\t<p>La escuela de Patinaje de Velocidad Ingrid Factos &#8211;\u00a0 Sede Latacunga, ofrece 3 programas dise\u00f1ados para adaptarse a todos los niveles de habilidad, desde principiantes hasta atletas avanzados.<\/p><p>Nuestro objetivo es proporcionar una formaci\u00f3n integral, que no solo desarrolle las habilidades t\u00e9cnicas de patinaje, sino tambi\u00e9n se fomente valores como la disciplina, el trabajo en equipo y la superaci\u00f3n personal.<\/p>\t\t\t\t\t\t\t\t<\/div>\n\t\t\t\t<\/div>\n\t\t\t\t<\/div>\n\t\t<div class=\"elementor-element elementor-element-d41feb9 e-flex e-con-boxed e-con e-parent\" data-id=\"d41feb9\" data-element_type=\"container\">\n\t\t\t\t\t<div class=\"e-con-inner\">\n\t\t\t\t<div class=\"elementor-element elementor-element-3701ff8 elementor-widget-divider--view-line elementor-widget elementor-widget-divider\" data-id=\"3701ff8\" data-element_type=\"widget\" data-widget_type=\"divider.default\">\n\t\t\t\t<div class=\"elementor-widget-container\">\n\t\t\t\t\t\t\t<div class=\"elementor-divider\">\n\t\t\t<span class=\"elementor-divider-separator\">\n\t\t\t\t\t\t<\/span>\n\t\t<\/div>\n\t\t\t\t\t\t<\/div>\n\t\t\t\t<\/div>\n\t\t\t\t\t<\/div>\n\t\t\t\t<\/div>\n\t\t<div class=\"elementor-element elementor-element-fd6808d e-grid e-con-boxed e-con e-parent\" data-id=\"fd6808d\" data-element_type=\"container\" data-settings=\"{&quot;background_background&quot;:&quot;gradient&quot;}\">\n\t\t\t\t\t<div class=\"e-con-inner\">\n\t\t\t\t<div class=\"elementor-element elementor-element-8da7158 elementor-widget elementor-widget-text-editor\" data-id=\"8da7158\" data-element_type=\"widget\" data-widget_type=\"text-editor.default\">\n\t\t\t\t<div class=\"elementor-widget-container\">\n\t\t\t\t\t\t\t\t\t<p><strong>PRINCIPIANTES<\/strong><br \/>Ideal para aquellos que nunca han patinado o est\u00e1n comenzando en el mundo del patinaje de velocidad.<\/p><p><strong>Objetivo:<\/strong> Aprender las bases del patinaje: postura, equilibrio y t\u00e9cnicas de frenado, adem\u00e1s de desarrollar confianza en la pista.<br \/><strong>Edades recomendadas:<\/strong> Ni\u00f1os y ni\u00f1as a partir de los 4 a\u00f1os y adultos que deseen iniciarse en este deporte<\/p>\t\t\t\t\t\t\t\t<\/div>\n\t\t\t\t<\/div>\n\t\t<div class=\"elementor-element elementor-element-e060c42 e-con-full e-flex e-con e-child\" data-id=\"e060c42\" data-element_type=\"container\">\n\t\t\t\t<div class=\"elementor-element elementor-element-b081042 elementor-widget elementor-widget-image\" data-id=\"b081042\" data-element_type=\"widget\" data-widget_type=\"image.default\">\n\t\t\t\t<div class=\"elementor-widget-container\">\n\t\t\t\t\t\t\t\t\t\t\t\t\t\t\t<img decoding=\"async\" width=\"630\" height=\"630\" src=\"https:\/\/escuelapatinajevelocidad.com\/wp-content\/uploads\/2025\/06\/NINAS-PROGRAMAS.png\" class=\"attachment-large size-large wp-image-151\" alt=\"\" srcset=\"https:\/\/escuelapatinajevelocidad.com\/wp-content\/uploads\/2025\/06\/NINAS-PROGRAMAS.png 630w, https:\/\/escuelapatinajevelocidad.com\/wp-content\/uploads\/2025\/06\/NINAS-PROGRAMAS-300x300.png 300w, https:\/\/escuelapatinajevelocidad.com\/wp-content\/uploads\/2025\/06\/NINAS-PROGRAMAS-150x150.png 150w\" sizes=\"(max-width: 630px) 100vw, 630px\" \/>\t\t\t\t\t\t\t\t\t\t\t\t\t\t\t<\/div>\n\t\t\t\t<\/div>\n\t\t\t\t<\/div>\n\t\t\t\t<div class=\"elementor-element elementor-element-b4ef09f elementor-widget elementor-widget-text-editor\" data-id=\"b4ef09f\" data-element_type=\"widget\" data-widget_type=\"text-editor.default\">\n\t\t\t\t<div class=\"elementor-widget-container\">\n\t\t\t\t\t\t\t\t\t<p><strong>INTERMEDIO<\/strong><br \/>Para aquellos que ya tienen las habilidades de patinaje y desean perfeccionar su t\u00e9cnica.<br \/><strong>Objetivo:<\/strong> Mejorar el control, la velocidad y la t\u00e9cnica de giro, as\u00ed como entrenar para manejar mayores distancias y velocidad.<\/p><p><strong>Requisitos:<\/strong> Haber completado el nivel de iniciaci\u00f3n o tener experiencia b\u00e1sica en patinaje<\/p>\t\t\t\t\t\t\t\t<\/div>\n\t\t\t\t<\/div>\n\t\t\t\t<div class=\"elementor-element elementor-element-0c9ae8d elementor-widget elementor-widget-text-editor\" data-id=\"0c9ae8d\" data-element_type=\"widget\" data-widget_type=\"text-editor.default\">\n\t\t\t\t<div class=\"elementor-widget-container\">\n\t\t\t\t\t\t\t\t\t<p><strong>AVANZADOS<\/strong><br \/>Este nivel es para patinadores que buscan competir a nivel regional o nacional.<\/p><p><strong>Objetivo:<\/strong> Perfeccionar las habilidades de velocidad, resistencia y maniobrabilidad, con entrenamientos espec\u00edficos para la competencia.<br \/><strong>Requisitos:<\/strong> haber completado el nivel intermedio en competiciones de patinaje<\/p>\t\t\t\t\t\t\t\t<\/div>\n\t\t\t\t<\/div>\n\t\t\t\t<div class=\"elementor-element elementor-element-43854b3 elementor-widget elementor-widget-image\" data-id=\"43854b3\" data-element_type=\"widget\" data-widget_type=\"image.default\">\n\t\t\t\t<div class=\"elementor-widget-container\">\n\t\t\t\t\t\t\t\t\t\t\t\t\t\t\t<img decoding=\"async\" width=\"630\" height=\"630\" src=\"https:\/\/escuelapatinajevelocidad.com\/wp-content\/uploads\/2025\/06\/AVANZADOS.png\" class=\"attachment-large size-large wp-image-160\" alt=\"\" srcset=\"https:\/\/escuelapatinajevelocidad.com\/wp-content\/uploads\/2025\/06\/AVANZADOS.png 630w, https:\/\/escuelapatinajevelocidad.com\/wp-content\/uploads\/2025\/06\/AVANZADOS-300x300.png 300w, https:\/\/escuelapatinajevelocidad.com\/wp-content\/uploads\/2025\/06\/AVANZADOS-150x150.png 150w\" sizes=\"(max-width: 630px) 100vw, 630px\" \/>\t\t\t\t\t\t\t\t\t\t\t\t\t\t\t<\/div>\n\t\t\t\t<\/div>\n\t\t\t\t<div class=\"elementor-element elementor-element-c5f2b9c elementor-widget elementor-widget-button\" data-id=\"c5f2b9c\" data-element_type=\"widget\" data-widget_type=\"button.default\">\n\t\t\t\t<div class=\"elementor-widget-container\">\n\t\t\t\t\t\t\t\t\t<div class=\"elementor-button-wrapper\">\n\t\t\t\t\t<a class=\"elementor-button elementor-button-link elementor-size-sm\" href=\"https:\/\/escuelapatinajevelocidad.com\/?page_id=85\">\n\t\t\t\t\t\t<span class=\"elementor-button-content-wrapper\">\n\t\t\t\t\t\t\t\t\t<span class=\"elementor-button-text\">INSCRIBETE AHORA Y EMPIEZA A RODAR<\/span>\n\t\t\t\t\t<\/span>\n\t\t\t\t\t<\/a>\n\t\t\t\t<\/div>\n\t\t\t\t\t\t\t\t<\/div>\n\t\t\t\t<\/div>\n\t\t\t\t\t<\/div>\n\t\t\t\t<\/div>\n\t\t\t\t<\/div>\n\t\t","protected":false},"excerpt":{"rendered":"<p>PROGRAMAS La escuela de Patinaje de Velocidad Ingrid Factos &#8211;\u00a0 Sede Latacunga, ofrece 3 programas dise\u00f1ados para adaptarse a todos [&hellip;]<\/p>\n","protected":false},"author":1,"featured_media":0,"parent":0,"menu_order":0,"comment_status":"closed","ping_status":"open","template":"","meta":{"site-sidebar-layout":"default","site-content-layout":"","ast-site-content-layout":"default","site-content-style":"default","site-sidebar-style":"default","ast-global-header-display":"","ast-banner-title-visibility":"","ast-main-header-display":"","ast-hfb-above-header-display":"","ast-hfb-below-header-display":"","ast-hfb-mobile-header-display":"","site-post-title":"","ast-breadcrumbs-content":"","ast-featured-img":"","footer-sml-layout":"","ast-disable-related-posts":"","theme-transparent-header-meta":"","adv-header-id-meta":"","stick-header-meta":"","header-above-stick-meta":"","header-main-stick-meta":"","header-below-stick-meta":"","astra-migrate-meta-layouts":"default","ast-page-background-enabled":"default","ast-page-background-meta":{"desktop":{"background-color":"var(--ast-global-color-5)","background-image":"","background-repeat":"repeat","background-position":"center center","background-size":"auto","background-attachment":"scroll","background-type":"","background-media":"","overlay-type":"","overlay-color":"","overlay-opacity":"","overlay-gradient":""},"tablet":{"background-color":"","background-image":"","background-repeat":"repeat","background-position":"center center","background-size":"auto","background-attachment":"scroll","background-type":"","background-media":"","overlay-type":"","overlay-color":"","overlay-opacity":"","overlay-gradient":""},"mobile":{"background-color":"","background-image":"","background-repeat":"repeat","background-position":"center center","background-size":"auto","background-attachment":"scroll","background-type":"","background-media":"","overlay-type":"","overlay-color":"","overlay-opacity":"","overlay-gradient":""}},"ast-content-background-meta":{"desktop":{"background-color":"var(--ast-global-color-4)","background-image":"","background-repeat":"repeat","background-position":"center center","background-size":"auto","background-attachment":"scroll","background-type":"","background-media":"","overlay-type":"","overlay-color":"","overlay-opacity":"","overlay-gradient":""},"tablet":{"background-color":"var(--ast-global-color-4)","background-image":"","background-repeat":"repeat","background-position":"center center","background-size":"auto","background-attachment":"scroll","background-type":"","background-media":"","overlay-type":"","overlay-color":"","overlay-opacity":"","overlay-gradient":""},"mobile":{"background-color":"var(--ast-global-color-4)","background-image":"","background-repeat":"repeat","background-position":"center center","background-size":"auto","background-attachment":"scroll","background-type":"","background-media":"","overlay-type":"","overlay-color":"","overlay-opacity":"","overlay-gradient":""}},"footnotes":""},"class_list":["post-2","page","type-page","status-publish","hentry"],"_links":{"self":[{"href":"https:\/\/escuelapatinajevelocidad.com\/index.php?rest_route=\/wp\/v2\/pages\/2","targetHints":{"allow":["GET"]}}],"collection":[{"href":"https:\/\/escuelapatinajevelocidad.com\/index.php?rest_route=\/wp\/v2\/pages"}],"about":[{"href":"https:\/\/escuelapatinajevelocidad.com\/index.php?rest_route=\/wp\/v2\/types\/page"}],"author":[{"embeddable":true,"href":"https:\/\/escuelapatinajevelocidad.com\/index.php?rest_route=\/wp\/v2\/users\/1"}],"replies":[{"embeddable":true,"href":"https:\/\/escuelapatinajevelocidad.com\/index.php?rest_route=%2Fwp%2Fv2%2Fcomments&post=2"}],"version-history":[{"count":52,"href":"https:\/\/escuelapatinajevelocidad.com\/index.php?rest_route=\/wp\/v2\/pages\/2\/revisions"}],"predecessor-version":[{"id":192,"href":"https:\/\/escuelapatinajevelocidad.com\/index.php?rest_route=\/wp\/v2\/pages\/2\/revisions\/192"}],"wp:attachment":[{"href":"https:\/\/escuelapatinajevelocidad.com\/index.php?rest_route=%2Fwp%2Fv2%2Fmedia&parent=2"}],"curies":[{"name":"wp","href":"https:\/\/api.w.org\/{rel}","templated":true}]}}